{"id":1373,"date":"2024-09-22T15:55:31","date_gmt":"2024-09-22T19:55:31","guid":{"rendered":"https:\/\/ltmhs.swlauriersb.qc.ca\/cafeteria-menu\/"},"modified":"2026-04-08T09:29:22","modified_gmt":"2026-04-08T13:29:22","slug":"cafeteria-menu","status":"publish","type":"page","link":"https:\/\/ltmhs.swlauriersb.qc.ca\/fr\/cafeteria-menu\/","title":{"rendered":"Menu de la caf\u00e9t\u00e9ria"},"content":{"rendered":"\n<p>Merci de bien vouloir payer en argent ou avec une carte d\u00e9bit (PAS DE CELLULAIRE), avec un minimum de $ 3 .<\/p>\n\n\n\n<p>Les cartes de repas pr\u00e9pay\u00e9es de 50,00&nbsp;$ peuvent \u00eatre achet\u00e9es soit \u00e0 la caf\u00e9t\u00e9ria (en argent ou par d\u00e9bit) ou au bureau g\u00e9n\u00e9ral (en argent uniquement). Nous vous sugg\u00e9rons d\u2019\u00e9crire le nom de votre enfant au verso de la carte.<\/p>\n\n\n\n<div class=\"wp-block-buttons is-layout-flex wp-block-buttons-is-layout-flex\">\n<div class=\"wp-block-button is-style-text-link-pdf\"><a class=\"wp-block-button__link wp-element-button\" href=\"https:\/\/ltmhs.swlauriersb.qc.ca\/wp-content\/uploads\/sites\/4\/2025\/09\/LTM-MENU-PRICES.pdf\" target=\"_blank\" rel=\"noreferrer noopener\">Prix de la caf\u00e9t\u00e9ria<i class=\"icon-pdf\"><\/i><\/a><\/div>\n<\/div>\n\n\n\n<div class=\"wp-block-buttons is-layout-flex wp-block-buttons-is-layout-flex\">\n<div class=\"wp-block-button is-style-text-link-pdf\"><a class=\"wp-block-button__link wp-element-button\" href=\"https:\/\/ltmhs.swlauriersb.qc.ca\/wp-content\/uploads\/sites\/4\/2026\/04\/LTM-MENU-APRIL.pdf\">Menu du mois d&#8217;avril<i class=\"icon-pdf\"><\/i><\/a><\/div>\n<\/div>\n","protected":false},"excerpt":{"rendered":"<p>Merci de bien vouloir payer en argent ou avec une carte d\u00e9bit (PAS DE CELLULAIRE), avec un minimum de $ 3 . Les cartes de repas pr\u00e9pay\u00e9es de 50,00&nbsp;$ peuvent \u00eatre achet\u00e9es soit \u00e0 la caf\u00e9t\u00e9ria (en argent ou par d\u00e9bit) ou au bureau g\u00e9n\u00e9ral (en argent uniquement). Nous vous sugg\u00e9rons d\u2019\u00e9crire le nom de&hellip;<\/p>\n","protected":false},"author":97,"featured_media":1366,"parent":0,"menu_order":0,"comment_status":"closed","ping_status":"closed","template":"","meta":{"_acf_changed":false,"_relevanssi_hide_post":"","_relevanssi_hide_content":"","_relevanssi_pin_for_all":"","_relevanssi_pin_keywords":"","_relevanssi_unpin_keywords":"","_relevanssi_related_keywords":"","_relevanssi_related_include_ids":"","_relevanssi_related_exclude_ids":"","_relevanssi_related_no_append":"","_relevanssi_related_not_related":"","_relevanssi_related_posts":"1326,1323,1338,1311","_relevanssi_noindex_reason":"","footnotes":""},"acf":[],"_links":{"self":[{"href":"https:\/\/ltmhs.swlauriersb.qc.ca\/fr\/wp-json\/wp\/v2\/pages\/1373"}],"collection":[{"href":"https:\/\/ltmhs.swlauriersb.qc.ca\/fr\/wp-json\/wp\/v2\/pages"}],"about":[{"href":"https:\/\/ltmhs.swlauriersb.qc.ca\/fr\/wp-json\/wp\/v2\/types\/page"}],"author":[{"embeddable":true,"href":"https:\/\/ltmhs.swlauriersb.qc.ca\/fr\/wp-json\/wp\/v2\/users\/97"}],"replies":[{"embeddable":true,"href":"https:\/\/ltmhs.swlauriersb.qc.ca\/fr\/wp-json\/wp\/v2\/comments?post=1373"}],"version-history":[{"count":8,"href":"https:\/\/ltmhs.swlauriersb.qc.ca\/fr\/wp-json\/wp\/v2\/pages\/1373\/revisions"}],"predecessor-version":[{"id":2166,"href":"https:\/\/ltmhs.swlauriersb.qc.ca\/fr\/wp-json\/wp\/v2\/pages\/1373\/revisions\/2166"}],"wp:featuredmedia":[{"embeddable":true,"href":"https:\/\/ltmhs.swlauriersb.qc.ca\/fr\/wp-json\/wp\/v2\/media\/1366"}],"wp:attachment":[{"href":"https:\/\/ltmhs.swlauriersb.qc.ca\/fr\/wp-json\/wp\/v2\/media?parent=1373"}],"curies":[{"name":"wp","href":"https:\/\/api.w.org\/{rel}","templated":true}]}}