{"id":1457,"date":"2024-10-15T20:40:47","date_gmt":"2024-10-16T00:40:47","guid":{"rendered":"https:\/\/ltmhs.swlauriersb.qc.ca\/ltm-library\/"},"modified":"2024-10-24T17:35:59","modified_gmt":"2024-10-24T21:35:59","slug":"ltm-library","status":"publish","type":"page","link":"https:\/\/ltmhs.swlauriersb.qc.ca\/fr\/ltm-library\/","title":{"rendered":"La biblioth\u00e8que de l&#8217;\u00e9cole"},"content":{"rendered":"\n<p><strong>Est-ce que la biblioth\u00e8que a le livre que tu cherches ?<\/strong><\/p>\n\n\n\n<div class=\"wp-block-buttons alignwide is-content-justification-left is-layout-flex wp-container-core-buttons-is-layout-1 wp-block-buttons-is-layout-flex\">\n<div class=\"wp-block-button has-custom-width wp-block-button__width-25\"><a class=\"wp-block-button__link has-background-red-background-color has-background wp-element-button\" href=\"https:\/\/www1.swlauriersb.qc.ca\/Regard\/Pages\/Front\/Accueil\/Accueil.aspx?ReturnUrl=%2fRegard%2fPages%2fMain%2fRecherche%2fRecherche.aspx#lisucc\" target=\"_blank\" rel=\"noreferrer noopener\">Rechercher au catalogue<i class=\"icon-arrow-left\"><\/i><\/a><\/div>\n<\/div>\n\n\n\n<p><strong>Une biblioth\u00e8que plus invitante !<\/strong><\/p>\n\n\n\n<div class=\"wp-block-media-text is-stacked-on-mobile\"><figure class=\"wp-block-media-text__media\"><img decoding=\"async\" width=\"1024\" height=\"768\" src=\"https:\/\/ltmhs.swlauriersb.qc.ca\/wp-content\/uploads\/sites\/4\/2024\/10\/Indegenous-space-1-1024x768.jpg\" alt=\"\" class=\"wp-image-1442 size-full\" title=\"\" srcset=\"https:\/\/ltmhs.swlauriersb.qc.ca\/wp-content\/uploads\/sites\/4\/2024\/10\/Indegenous-space-1-1024x768.jpg 1024w, https:\/\/ltmhs.swlauriersb.qc.ca\/wp-content\/uploads\/sites\/4\/2024\/10\/Indegenous-space-1-300x225.jpg 300w, https:\/\/ltmhs.swlauriersb.qc.ca\/wp-content\/uploads\/sites\/4\/2024\/10\/Indegenous-space-1-768x576.jpg 768w, https:\/\/ltmhs.swlauriersb.qc.ca\/wp-content\/uploads\/sites\/4\/2024\/10\/Indegenous-space-1-1536x1152.jpg 1536w, https:\/\/ltmhs.swlauriersb.qc.ca\/wp-content\/uploads\/sites\/4\/2024\/10\/Indegenous-space-1-2048x1536.jpg 2048w\" sizes=\"(max-width: 1024px) 100vw, 1024px\" \/><\/figure><div class=\"wp-block-media-text__content\">\n<p>La biblioth\u00e8que de l\u2019\u00e9cole a subi des changements majeurs au cours des derniers mois. On a d\u2019abord proc\u00e9d\u00e9 \u00e0 un \u00e9lagage massif pour enlever tous les documents qui \u00e9taient soit p\u00e9rim\u00e9s, ou en tr\u00e8s mauvais \u00e9tat. Deuxi\u00e8mement, des r\u00e9novations et am\u00e9liorations mineures ont \u00e9t\u00e9 apport\u00e9es pour rendre la biblioth\u00e8que plus confortable, mais surtout plus accueillante.<\/p>\n<\/div><\/div>\n\n\n\n<div class=\"wp-block-media-text has-media-on-the-right is-stacked-on-mobile\"><div class=\"wp-block-media-text__content\">\n<p>L&#8217;am\u00e9nagement et le mobilier de la biblioth\u00e8que refl\u00e8tent les besoins et les pr\u00e9f\u00e9rences des \u00e9tudiants. L\u2019utilisation d\u2019une vari\u00e9t\u00e9 d\u2019options de si\u00e8ges, comme des canap\u00e9s, des chaises, des tables et des tabourets, permet diff\u00e9rentes activit\u00e9s  peu importe la taille des groupes.<\/p>\n<\/div><figure class=\"wp-block-media-text__media\"><img decoding=\"async\" width=\"1024\" height=\"768\" src=\"https:\/\/ltmhs.swlauriersb.qc.ca\/wp-content\/uploads\/sites\/4\/2024\/10\/Indegenous-space-3-1024x768.jpg\" alt=\"\" class=\"wp-image-1444 size-full\" title=\"\" srcset=\"https:\/\/ltmhs.swlauriersb.qc.ca\/wp-content\/uploads\/sites\/4\/2024\/10\/Indegenous-space-3-1024x768.jpg 1024w, https:\/\/ltmhs.swlauriersb.qc.ca\/wp-content\/uploads\/sites\/4\/2024\/10\/Indegenous-space-3-300x225.jpg 300w, https:\/\/ltmhs.swlauriersb.qc.ca\/wp-content\/uploads\/sites\/4\/2024\/10\/Indegenous-space-3-768x576.jpg 768w, https:\/\/ltmhs.swlauriersb.qc.ca\/wp-content\/uploads\/sites\/4\/2024\/10\/Indegenous-space-3-1536x1152.jpg 1536w, https:\/\/ltmhs.swlauriersb.qc.ca\/wp-content\/uploads\/sites\/4\/2024\/10\/Indegenous-space-3-2048x1536.jpg 2048w\" sizes=\"(max-width: 1024px) 100vw, 1024px\" \/><\/figure><\/div>\n\n\n\n<p><strong>R\u00e8glements de la biblioth\u00e8que<\/strong><\/p>\n\n\n\n<ul>\n<li>Dur\u00e9e d&#8217;emprunt &#8211; 4 semaines;<\/li>\n\n\n\n<li>Abolition des frais de retard;<\/li>\n\n\n\n<li>Les livres non retourn\u00e9s seront factur\u00e9s \u00e0 la fin de l\u2019ann\u00e9e scolaire !<\/li>\n<\/ul>\n\n\n\n<p><strong>Suggestions d&#8217;achat<\/strong><\/p>\n\n\n\n<p>Les \u00e9tudiants sont invit\u00e9s \u00e0 proposer des titres de livre que la biblioth\u00e8que ne poss\u00e8de pas d\u00e9j\u00e0. La biblioth\u00e8que scolaire a pour mission d\u2019offrir aux \u00e9l\u00e8ves des livres dont ils ont besoin ou qui les int\u00e9ressent afin de favoriser leur go\u00fbt pour la lecture et de l\u2019apprentissage.<\/p>\n\n\n\n<p><\/p>\n\n\n\n<p><\/p>\n\n\n\n<p><\/p>\n","protected":false},"excerpt":{"rendered":"<p>Est-ce que la biblioth\u00e8que a le livre que tu cherches ? Une biblioth\u00e8que plus invitante ! La biblioth\u00e8que de l\u2019\u00e9cole a subi des changements majeurs au cours des derniers mois. On a d\u2019abord proc\u00e9d\u00e9 \u00e0 un \u00e9lagage massif pour enlever tous les documents qui \u00e9taient soit p\u00e9rim\u00e9s, ou en tr\u00e8s mauvais \u00e9tat. Deuxi\u00e8mement, des r\u00e9novations&hellip;<\/p>\n","protected":false},"author":97,"featured_media":1447,"parent":0,"menu_order":0,"comment_status":"closed","ping_status":"closed","template":"","meta":{"_acf_changed":false,"_relevanssi_hide_post":"","_relevanssi_hide_content":"","_relevanssi_pin_for_all":"","_relevanssi_pin_keywords":"","_relevanssi_unpin_keywords":"","_relevanssi_related_keywords":"","_relevanssi_related_include_ids":"","_relevanssi_related_exclude_ids":"","_relevanssi_related_no_append":"","_relevanssi_related_not_related":"","_relevanssi_related_posts":"1428,1338,1326,1323,1311","_relevanssi_noindex_reason":"","footnotes":""},"acf":[],"_links":{"self":[{"href":"https:\/\/ltmhs.swlauriersb.qc.ca\/fr\/wp-json\/wp\/v2\/pages\/1457"}],"collection":[{"href":"https:\/\/ltmhs.swlauriersb.qc.ca\/fr\/wp-json\/wp\/v2\/pages"}],"about":[{"href":"https:\/\/ltmhs.swlauriersb.qc.ca\/fr\/wp-json\/wp\/v2\/types\/page"}],"author":[{"embeddable":true,"href":"https:\/\/ltmhs.swlauriersb.qc.ca\/fr\/wp-json\/wp\/v2\/users\/97"}],"replies":[{"embeddable":true,"href":"https:\/\/ltmhs.swlauriersb.qc.ca\/fr\/wp-json\/wp\/v2\/comments?post=1457"}],"version-history":[{"count":8,"href":"https:\/\/ltmhs.swlauriersb.qc.ca\/fr\/wp-json\/wp\/v2\/pages\/1457\/revisions"}],"predecessor-version":[{"id":1479,"href":"https:\/\/ltmhs.swlauriersb.qc.ca\/fr\/wp-json\/wp\/v2\/pages\/1457\/revisions\/1479"}],"wp:featuredmedia":[{"embeddable":true,"href":"https:\/\/ltmhs.swlauriersb.qc.ca\/fr\/wp-json\/wp\/v2\/media\/1447"}],"wp:attachment":[{"href":"https:\/\/ltmhs.swlauriersb.qc.ca\/fr\/wp-json\/wp\/v2\/media?parent=1457"}],"curies":[{"name":"wp","href":"https:\/\/api.w.org\/{rel}","templated":true}]}}