{"id":1658,"date":"2024-12-04T21:03:33","date_gmt":"2024-12-05T02:03:33","guid":{"rendered":"https:\/\/ltmhs.swlauriersb.qc.ca\/emergency-closures\/"},"modified":"2024-12-04T21:22:02","modified_gmt":"2024-12-05T02:22:02","slug":"emergency-closures","status":"publish","type":"page","link":"https:\/\/ltmhs.swlauriersb.qc.ca\/fr\/emergency-closures\/","title":{"rendered":"Proc\u00e9dures en cas d&#8217;intemp\u00e9ries"},"content":{"rendered":"\n<p>Les d\u00e9cisions concernant l&#8217;annulation des services de transport sont habituellement prises avant 6 h au plus tard. D\u00e8s que la d\u00e9cision est prise, elle est communiqu\u00e9e sur le site web de la commission scolaire Sir Wilfrid Laurier, la page Facebook de CSSWL, par courriel, par SMS, par message t\u00e9l\u00e9phonique au bureau de l\u2019administration et dans les m\u00e9dias. (Voir les liens ci-dessous)<\/p>\n\n\n\n<figure class=\"wp-block-image size-full\"><img decoding=\"async\" width=\"734\" height=\"474\" src=\"https:\/\/ltmhs.swlauriersb.qc.ca\/wp-content\/uploads\/sites\/4\/2024\/12\/inclement-weather-summary-chart-fr-1.png\" alt=\"\" class=\"wp-image-1664\" title=\"\" srcset=\"https:\/\/ltmhs.swlauriersb.qc.ca\/wp-content\/uploads\/sites\/4\/2024\/12\/inclement-weather-summary-chart-fr-1.png 734w, https:\/\/ltmhs.swlauriersb.qc.ca\/wp-content\/uploads\/sites\/4\/2024\/12\/inclement-weather-summary-chart-fr-1-300x194.png 300w\" sizes=\"(max-width: 734px) 100vw, 734px\" \/><\/figure>\n\n\n\n<h1 class=\"wp-block-heading\">Diffusion de l&#8217;information relative \u00e0 l&#8217;annulation des services de transport ou la suspension des cours<\/h1>\n\n\n\n<p>Une fois la d\u00e9cision prise d\u2019annuler les services de transport ou de suspendre les classes, nous proc\u00e9dons imm\u00e9diatement aux \u00e9tapes suivantes:<\/p>\n\n\n\n<ul>\n<li>Afficher la liste des \u00e9coles\/centres ferm\u00e9s sur la page d\u2019<a href=\"https:\/\/www.swlauriersb.qc.ca\/fr\/\">accueil du site Web de la CSSWL<\/a>;<\/li>\n\n\n\n<li>Afficher l\u2019information sur la page\u00a0<a href=\"https:\/\/www.facebook.com\/SWLSB\/\" target=\"_blank\" rel=\"noreferrer noopener\">Facebook de la CSSWL;<\/a><\/li>\n\n\n\n<li>Enregistrer la liste des \u00e9coles\/centres qui sont ferm\u00e9s pour la journ\u00e9e sur le message d\u2019accueil du syst\u00e8me t\u00e9l\u00e9phonique du centre administratif (450 621-5600 ou 1 866 621-5600);<\/li>\n\n\n\n<li>Informer les r\u00e9seaux de radio et de t\u00e9l\u00e9vision;<\/li>\n\n\n\n<li>Envoyer un courriel et un texto (SMS) aux parents, tuteurs et employ\u00e9s de la CSSWL par l\u2019entremise de\u00a0<a href=\"https:\/\/www.swlauriersb.qc.ca\/fr\/familles\/procedures-cas-intemperies\/communicate\/\">COMMUNICATE<\/a><\/li>\n<\/ul>\n","protected":false},"excerpt":{"rendered":"<p>Les d\u00e9cisions concernant l&#8217;annulation des services de transport sont habituellement prises avant 6 h au plus tard. D\u00e8s que la d\u00e9cision est prise, elle est communiqu\u00e9e sur le site web de la commission scolaire Sir Wilfrid Laurier, la page Facebook de CSSWL, par courriel, par SMS, par message t\u00e9l\u00e9phonique au bureau de l\u2019administration et dans&hellip;<\/p>\n","protected":false},"author":97,"featured_media":1656,"parent":0,"menu_order":0,"comment_status":"closed","ping_status":"closed","template":"","meta":{"_acf_changed":false,"_relevanssi_hide_post":"","_relevanssi_hide_content":"","_relevanssi_pin_for_all":"","_relevanssi_pin_keywords":"","_relevanssi_unpin_keywords":"","_relevanssi_related_keywords":"","_relevanssi_related_include_ids":"","_relevanssi_related_exclude_ids":"","_relevanssi_related_no_append":"","_relevanssi_related_not_related":"","_relevanssi_related_posts":"1338,1636,1311,1480,1428,1326","_relevanssi_noindex_reason":"","footnotes":""},"acf":[],"_links":{"self":[{"href":"https:\/\/ltmhs.swlauriersb.qc.ca\/fr\/wp-json\/wp\/v2\/pages\/1658"}],"collection":[{"href":"https:\/\/ltmhs.swlauriersb.qc.ca\/fr\/wp-json\/wp\/v2\/pages"}],"about":[{"href":"https:\/\/ltmhs.swlauriersb.qc.ca\/fr\/wp-json\/wp\/v2\/types\/page"}],"author":[{"embeddable":true,"href":"https:\/\/ltmhs.swlauriersb.qc.ca\/fr\/wp-json\/wp\/v2\/users\/97"}],"replies":[{"embeddable":true,"href":"https:\/\/ltmhs.swlauriersb.qc.ca\/fr\/wp-json\/wp\/v2\/comments?post=1658"}],"version-history":[{"count":2,"href":"https:\/\/ltmhs.swlauriersb.qc.ca\/fr\/wp-json\/wp\/v2\/pages\/1658\/revisions"}],"predecessor-version":[{"id":1666,"href":"https:\/\/ltmhs.swlauriersb.qc.ca\/fr\/wp-json\/wp\/v2\/pages\/1658\/revisions\/1666"}],"wp:featuredmedia":[{"embeddable":true,"href":"https:\/\/ltmhs.swlauriersb.qc.ca\/fr\/wp-json\/wp\/v2\/media\/1656"}],"wp:attachment":[{"href":"https:\/\/ltmhs.swlauriersb.qc.ca\/fr\/wp-json\/wp\/v2\/media?parent=1658"}],"curies":[{"name":"wp","href":"https:\/\/api.w.org\/{rel}","templated":true}]}}