{"id":1802,"date":"2025-06-19T09:45:26","date_gmt":"2025-06-19T13:45:26","guid":{"rendered":"https:\/\/ltmhs.swlauriersb.qc.ca\/viewing-the-releve-de-notes\/"},"modified":"2025-06-19T10:02:27","modified_gmt":"2025-06-19T14:02:27","slug":"viewing-the-releve-de-notes","status":"publish","type":"page","link":"https:\/\/ltmhs.swlauriersb.qc.ca\/fr\/viewing-the-releve-de-notes\/","title":{"rendered":"Visualiser le &#8220;Relev\u00e9 de notes&#8221;"},"content":{"rendered":"\n<p>Ceci est juste un rappel qu\u2019en secondaire 4, les \u00e9l\u00e8ves doivent cr\u00e9er un compte aupr\u00e8s du MEQ afin de consulter leur \u00ab&nbsp;Relev\u00e9 de notes&nbsp;\u00bb. Ce document remplace la note scolaire que vous verrez sur le bulletin. Ceci est \u00e9galement un rappel aux \u00e9l\u00e8ves de 5e secondaire qui devront r\u00e9acc\u00e9der \u00e0 leur compte pour leurs examens minist\u00e9riels de 5e secondaire.&nbsp;<\/p>\n\n\n\n<p>Ci-joint, vous trouverez un document pour la proc\u00e9dure concernant la cr\u00e9ation d\u2019un compte au MEQ.<\/p>\n\n\n\n<p>&nbsp;Le &#8220;relev\u00e9 de notes&#8221; sera disponible le 5&nbsp;juillet. Ils apparaissent parfois plus t\u00f4t, alors assurez-vous de v\u00e9rifier fr\u00e9quemment.<\/p>\n\n\n\n<div class=\"wp-block-buttons is-layout-flex wp-block-buttons-is-layout-flex\">\n<div class=\"wp-block-button\"><a class=\"wp-block-button__link wp-element-button\" href=\"https:\/\/ltmhs.swlauriersb.qc.ca\/wp-content\/uploads\/sites\/4\/2025\/06\/Francais-Feuillet_bulletin-sco_4e-5e-sec_VF20250611.pdf\" target=\"_blank\" rel=\"noreferrer noopener\"> Procedure de MEQ pour obtenir le &#8220;Relev\u00e9 de notes&#8221;<i class=\"icon-arrow-left\"><\/i><\/a><\/div>\n<\/div>\n","protected":false},"excerpt":{"rendered":"<p>Ceci est juste un rappel qu\u2019en secondaire 4, les \u00e9l\u00e8ves doivent cr\u00e9er un compte aupr\u00e8s du MEQ afin de consulter leur \u00ab&nbsp;Relev\u00e9 de notes&nbsp;\u00bb. Ce document remplace la note scolaire que vous verrez sur le bulletin. Ceci est \u00e9galement un rappel aux \u00e9l\u00e8ves de 5e secondaire qui devront r\u00e9acc\u00e9der \u00e0 leur compte pour leurs examens&hellip;<\/p>\n","protected":false},"author":97,"featured_media":1793,"parent":0,"menu_order":0,"comment_status":"closed","ping_status":"closed","template":"","meta":{"_acf_changed":false,"_relevanssi_hide_post":"","_relevanssi_hide_content":"","_relevanssi_pin_for_all":"","_relevanssi_pin_keywords":"","_relevanssi_unpin_keywords":"","_relevanssi_related_keywords":"","_relevanssi_related_include_ids":"","_relevanssi_related_exclude_ids":"","_relevanssi_related_no_append":"","_relevanssi_related_not_related":"","_relevanssi_related_posts":"1338,1311,1480","_relevanssi_noindex_reason":"","footnotes":""},"acf":[],"_links":{"self":[{"href":"https:\/\/ltmhs.swlauriersb.qc.ca\/fr\/wp-json\/wp\/v2\/pages\/1802"}],"collection":[{"href":"https:\/\/ltmhs.swlauriersb.qc.ca\/fr\/wp-json\/wp\/v2\/pages"}],"about":[{"href":"https:\/\/ltmhs.swlauriersb.qc.ca\/fr\/wp-json\/wp\/v2\/types\/page"}],"author":[{"embeddable":true,"href":"https:\/\/ltmhs.swlauriersb.qc.ca\/fr\/wp-json\/wp\/v2\/users\/97"}],"replies":[{"embeddable":true,"href":"https:\/\/ltmhs.swlauriersb.qc.ca\/fr\/wp-json\/wp\/v2\/comments?post=1802"}],"version-history":[{"count":1,"href":"https:\/\/ltmhs.swlauriersb.qc.ca\/fr\/wp-json\/wp\/v2\/pages\/1802\/revisions"}],"predecessor-version":[{"id":1804,"href":"https:\/\/ltmhs.swlauriersb.qc.ca\/fr\/wp-json\/wp\/v2\/pages\/1802\/revisions\/1804"}],"wp:featuredmedia":[{"embeddable":true,"href":"https:\/\/ltmhs.swlauriersb.qc.ca\/fr\/wp-json\/wp\/v2\/media\/1793"}],"wp:attachment":[{"href":"https:\/\/ltmhs.swlauriersb.qc.ca\/fr\/wp-json\/wp\/v2\/media?parent=1802"}],"curies":[{"name":"wp","href":"https:\/\/api.w.org\/{rel}","templated":true}]}}