{"id":666,"date":"2023-10-26T14:50:23","date_gmt":"2023-10-26T18:50:23","guid":{"rendered":"https:\/\/ltmhs.swlauriersb.qc.ca\/governance\/"},"modified":"2026-03-23T09:40:21","modified_gmt":"2026-03-23T13:40:21","slug":"gouvernance","status":"publish","type":"page","link":"https:\/\/ltmhs.swlauriersb.qc.ca\/fr\/gouvernance\/","title":{"rendered":"Conseil d&#8217;\u00e9tablissement"},"content":{"rendered":"\n<p>2025-2026<\/p>\n\n\n\n<p>CONSEILS D&#8217;\u00c9TABLISSEMENT (19 h &#8211; 21 h)<\/p>\n\n\n\n<ul>\n<li>23 mars<\/li>\n\n\n\n<li>28 avril<\/li>\n\n\n\n<li>19 mai<\/li>\n\n\n\n<li>16 juin<\/li>\n<\/ul>\n\n\n\n<p><\/p>\n\n\n\n<p><strong>Les proc\u00e8s-verbaux du conseil d\u2019administration seront imprim\u00e9s et conserv\u00e9s \u00e0 l\u2019\u00e9cole pour consultation publique \u00e0 la demande.<\/strong><\/p>\n\n\n\n<div class=\"block-accordions-group theme-block theme-block--innerblock aligndefault\">\n    <span class=\"theme-block__label\">Accord\u00e9ons<\/span>\n  \n    \n<div class=\"block-accordion  theme-block theme-block--innerblock aligndefault\">\n    <span class=\"theme-block__label\">Accord\u00e9on<\/span>\n    <h3 class=\"block-accordion__title\">Positions<\/h3>\n    \n\n<figure class=\"wp-block-table\"><table><tbody><tr><td><strong>Pr\u00e9sident(e)<\/strong>:<\/td><td>RACHEL ARTS<\/td><\/tr><tr><td><strong>Vice-Pr\u00e9sident(e)<\/strong>:<\/td><td>KYLE SNELL<\/td><\/tr><tr><td><strong>Comit\u00e9 des parents&nbsp;: d\u00e9l\u00e9gu\u00e9<\/strong><\/td><td>KATHERINA BENOIT<\/td><\/tr><tr><td><strong>Comit\u00e9 des parents&nbsp;: suppl\u00e9ant<\/strong><\/td><td>LANNIE RICHARD<\/td><\/tr><\/tbody><\/table><\/figure>\n\n\n<\/div>\n\n                    \n\n\n<div class=\"block-accordion  theme-block theme-block--innerblock aligndefault\">\n    <span class=\"theme-block__label\">Accord\u00e9on<\/span>\n    <h3 class=\"block-accordion__title\">Governing Board Members<\/h3>\n    \n\n<figure class=\"wp-block-table\"><table><tbody><tr><td><strong>Parent<\/strong><\/td><td>KATHERINA BENOIT<\/td><\/tr><tr><td><strong>Parent<\/strong><\/td><td>MICHAEL THORBURN<\/td><\/tr><tr><td><strong>Parent<\/strong><\/td><td>CHRISTINA GRACE<\/td><\/tr><tr><td><strong>Parent<\/strong><\/td><td>CHERYL FORDHAM<\/td><\/tr><tr><td><strong>Parent<\/strong><\/td><td>LANNIE RICHARD<\/td><\/tr><tr><td><strong>Parent<\/strong><\/td><td>CHRYSTYNA DA COSTA<\/td><\/tr><tr><td><strong> <strong>Enseignant<\/strong><\/strong>e<\/td><td>ANNE-MARIE FRANQ<\/td><\/tr><tr><td><strong>Enseignante<\/strong><\/td><td>CONNIE LAROSA<\/td><\/tr><tr><td><strong><strong>Enseignant<\/strong><\/strong><\/td><td>GABRIEL ALTARAC HOFMANN<\/td><\/tr><tr><td><strong><strong>Enseignante<\/strong><\/strong><\/td><td>GORDON TRUESDALE<\/td><\/tr><tr><td><strong><strong>Enseignante<\/strong><\/strong><\/td><td>CORINNE DUSSAULT<\/td><\/tr><tr><td><strong><strong>Enseignante<\/strong><\/strong><\/td><td>MYRIAM L\u00c9VESQUE<\/td><\/tr><tr><td><strong><strong>Enseignant<\/strong><\/strong><\/td><td>KYLE SNELL<\/td><\/tr><tr><td><strong>Professionnel non enseignant<\/strong><\/td><td>DANIEL JOHNSON<\/td><\/tr><tr><td><strong>Personnel de soutien<\/strong><\/td><td>LUCIA DE FANTI<\/td><\/tr><tr><td><strong>Repr\u00e9sentant de la communaut\u00e9<\/strong><\/td><td>SONIA PIETRAVALLE<\/td><\/tr><\/tbody><\/table><\/figure>\n\n\n<\/div>\n\n                    \n\n\n<\/div>\n","protected":false},"excerpt":{"rendered":"<p>2025-2026 CONSEILS D&#8217;\u00c9TABLISSEMENT (19 h &#8211; 21 h) Les proc\u00e8s-verbaux du conseil d\u2019administration seront imprim\u00e9s et conserv\u00e9s \u00e0 l\u2019\u00e9cole pour consultation publique \u00e0 la demande.<\/p>\n","protected":false},"author":1,"featured_media":1191,"parent":0,"menu_order":0,"comment_status":"closed","ping_status":"closed","template":"","meta":{"_acf_changed":false,"_relevanssi_hide_post":"","_relevanssi_hide_content":"","_relevanssi_pin_for_all":"","_relevanssi_pin_keywords":"","_relevanssi_unpin_keywords":"","_relevanssi_related_keywords":"","_relevanssi_related_include_ids":"","_relevanssi_related_exclude_ids":"","_relevanssi_related_no_append":"","_relevanssi_related_not_related":"","_relevanssi_related_posts":"303,106,108,302,304,372","_relevanssi_noindex_reason":"","footnotes":""},"acf":[],"_links":{"self":[{"href":"https:\/\/ltmhs.swlauriersb.qc.ca\/fr\/wp-json\/wp\/v2\/pages\/666"}],"collection":[{"href":"https:\/\/ltmhs.swlauriersb.qc.ca\/fr\/wp-json\/wp\/v2\/pages"}],"about":[{"href":"https:\/\/ltmhs.swlauriersb.qc.ca\/fr\/wp-json\/wp\/v2\/types\/page"}],"author":[{"embeddable":true,"href":"https:\/\/ltmhs.swlauriersb.qc.ca\/fr\/wp-json\/wp\/v2\/users\/1"}],"replies":[{"embeddable":true,"href":"https:\/\/ltmhs.swlauriersb.qc.ca\/fr\/wp-json\/wp\/v2\/comments?post=666"}],"version-history":[{"count":8,"href":"https:\/\/ltmhs.swlauriersb.qc.ca\/fr\/wp-json\/wp\/v2\/pages\/666\/revisions"}],"predecessor-version":[{"id":2157,"href":"https:\/\/ltmhs.swlauriersb.qc.ca\/fr\/wp-json\/wp\/v2\/pages\/666\/revisions\/2157"}],"wp:featuredmedia":[{"embeddable":true,"href":"https:\/\/ltmhs.swlauriersb.qc.ca\/fr\/wp-json\/wp\/v2\/media\/1191"}],"wp:attachment":[{"href":"https:\/\/ltmhs.swlauriersb.qc.ca\/fr\/wp-json\/wp\/v2\/media?parent=666"}],"curies":[{"name":"wp","href":"https:\/\/api.w.org\/{rel}","templated":true}]}}