{"id":669,"date":"2023-11-02T09:47:56","date_gmt":"2023-11-02T13:47:56","guid":{"rendered":"https:\/\/ltmhs.swlauriersb.qc.ca\/our-programs\/"},"modified":"2024-03-14T20:07:05","modified_gmt":"2024-03-14T20:07:05","slug":"nos-programmes","status":"publish","type":"page","link":"https:\/\/ltmhs.swlauriersb.qc.ca\/fr\/nos-programmes\/","title":{"rendered":"Nos programmes"},"content":{"rendered":"\n<p>Ce qui nous distingue des autres est notre objectif de cr\u00e9er une \u00e9cole tout enti\u00e8re fond\u00e9e sur l\u2019excellence. \u00c0 l\u2019\u00e9cole secondaire Lake of Two Mountains, faire de chaque jour une exp\u00e9rience extraordinaire pour chaque personne nous tient \u00e0 c\u0153ur. Nous sommes fiers d\u2019offrir une vari\u00e9t\u00e9 d\u2019environnements d\u2019apprentissage et d\u2019outils de soutien scolaire \u00e0 nos \u00e9l\u00e8ves, notamment un acc\u00e8s&nbsp;1:1 \u00e0 la technologie pour tous les \u00e9l\u00e8ves, de tous les niveaux.<\/p>\n\n\n\n<p>Notre utilisation de la technologie en classe et \u00e0 l\u2019ext\u00e9rieur des classes vise \u00e0 enrichir l\u2019acquisition d\u2019importantes comp\u00e9tences adapt\u00e9es au 21<sup>e<\/sup>&nbsp;si\u00e8cle, notamment&nbsp;:&nbsp;<\/p>\n\n\n\n<ul>\n<li>Communication \u2013 partager des pens\u00e9es, des questions, des id\u00e9es et des solutions;<\/li>\n\n\n\n<li>Collaboration \u2013 travailler en \u00e9quipe pour atteindre un objectif; mettre \u00e0 l\u2019\u0153uvre le talent, l\u2019expertise et l\u2019intelligence;<\/li>\n\n\n\n<li>Pens\u00e9e critique \u2013 examiner les probl\u00e8mes diff\u00e9remment; faire des liens entre les diverses mati\u00e8res et disciplines;<\/li>\n\n\n\n<li>Cr\u00e9ativit\u00e9 \u2013 essayer, en utilisant l\u2019innovation et les inventions, de nouvelles approches pour faire avancer les choses.<\/li>\n<\/ul>\n\n\n\n<p>Ces comp\u00e9tences ne sont pas nouvelles en \u00e9ducation, mais elles ont toutefois un sens diff\u00e9rent de nos jours. Dans ce monde qui \u00e9volue rapidement, nous centrons nos efforts sur l\u2019\u00e9ducation, le mentorat et le coaching des jeunes adultes afin de bien les pr\u00e9parer \u00e0 r\u00e9pondre aux demandes et aux d\u00e9fis de notre \u00e9poque.<\/p>\n","protected":false},"excerpt":{"rendered":"<p>Ce qui nous distingue des autres est notre objectif de cr\u00e9er une \u00e9cole tout enti\u00e8re fond\u00e9e sur l\u2019excellence. \u00c0 l\u2019\u00e9cole secondaire Lake of Two Mountains, faire de chaque jour une exp\u00e9rience extraordinaire pour chaque personne nous tient \u00e0 c\u0153ur. Nous sommes fiers d\u2019offrir une vari\u00e9t\u00e9 d\u2019environnements d\u2019apprentissage et d\u2019outils de soutien scolaire \u00e0 nos \u00e9l\u00e8ves,&hellip;<\/p>\n","protected":false},"author":1,"featured_media":0,"parent":0,"menu_order":0,"comment_status":"closed","ping_status":"closed","template":"template-programs.php","meta":{"_acf_changed":false,"_relevanssi_hide_post":"","_relevanssi_hide_content":"","_relevanssi_pin_for_all":"","_relevanssi_pin_keywords":"","_relevanssi_unpin_keywords":"","_relevanssi_related_keywords":"","_relevanssi_related_include_ids":"","_relevanssi_related_exclude_ids":"","_relevanssi_related_no_append":"","_relevanssi_related_not_related":"","_relevanssi_related_posts":"304,303,1,106,108,302","_relevanssi_noindex_reason":"","footnotes":""},"acf":[],"_links":{"self":[{"href":"https:\/\/ltmhs.swlauriersb.qc.ca\/fr\/wp-json\/wp\/v2\/pages\/669"}],"collection":[{"href":"https:\/\/ltmhs.swlauriersb.qc.ca\/fr\/wp-json\/wp\/v2\/pages"}],"about":[{"href":"https:\/\/ltmhs.swlauriersb.qc.ca\/fr\/wp-json\/wp\/v2\/types\/page"}],"author":[{"embeddable":true,"href":"https:\/\/ltmhs.swlauriersb.qc.ca\/fr\/wp-json\/wp\/v2\/users\/1"}],"replies":[{"embeddable":true,"href":"https:\/\/ltmhs.swlauriersb.qc.ca\/fr\/wp-json\/wp\/v2\/comments?post=669"}],"version-history":[{"count":1,"href":"https:\/\/ltmhs.swlauriersb.qc.ca\/fr\/wp-json\/wp\/v2\/pages\/669\/revisions"}],"predecessor-version":[{"id":715,"href":"https:\/\/ltmhs.swlauriersb.qc.ca\/fr\/wp-json\/wp\/v2\/pages\/669\/revisions\/715"}],"wp:attachment":[{"href":"https:\/\/ltmhs.swlauriersb.qc.ca\/fr\/wp-json\/wp\/v2\/media?parent=669"}],"curies":[{"name":"wp","href":"https:\/\/api.w.org\/{rel}","templated":true}]}}