{"id":670,"date":"2024-03-14T18:21:41","date_gmt":"2024-03-14T22:21:41","guid":{"rendered":"https:\/\/ltmhs.swlauriersb.qc.ca\/our-school-about-us\/"},"modified":"2024-04-03T13:29:06","modified_gmt":"2024-04-03T13:29:06","slug":"a-propos","status":"publish","type":"page","link":"https:\/\/ltmhs.swlauriersb.qc.ca\/fr\/a-propos\/","title":{"rendered":"\u00c0 propos"},"content":{"rendered":"\n<h2 class=\"wp-block-heading\">Historique<\/h2>\n\n\n\n<p>L\u2019\u00e9cole secondaire Lake of Two Mountains de la Commission scolaire Sir-Wilfrid-Laurier est situ\u00e9e au 2105, rue Guy dans la ville de Deux-Montagnes, environ 30&nbsp;km au nord-ouest de Montr\u00e9al. L\u2019\u00e9tablissement actuel, construit en 1983 est venu remplacer l\u2019ancien b\u00e2timent du m\u00eame nom qui \u00e9tait situ\u00e9 au 203, 14<sup>e<\/sup>&nbsp;Avenue. On ne peut qu\u2019\u00eatre impressionn\u00e9s par le nombre de parents et de membres du personnel qui proclament fi\u00e8rement \u00eatre des finissants de l\u2019\u00e9cole secondaire Lake of Two Mountains.<\/p>\n\n\n\n<p>&nbsp;Bien qu\u2019un service de transport scolaire soit offert par la commission scolaire, l\u2019\u00e9cole est \u00e9galement accessible au moyen du transport en commun et est situ\u00e9e \u00e0 dix minutes \u00e0 pied de la station de train de Deux-Montagnes. Un ar\u00e9na public, o\u00f9 on peut pratiquer le hockey se trouve \u00e9galement \u00e0 distance de marche.<\/p>\n\n\n\n<p>En plus de desservir les communaut\u00e9s de Deux-Montagnes, de Sainte-Eustache, de Sainte-Marthe-sur-le-Lac, de Saint-Joseph-du-Lac, de Mirabel et de Pointe-Calumet, environ 55&nbsp;\u00e9l\u00e8ves choisissent l\u2019\u00e9cole secondaire Lake of Two Mountains plut\u00f4t que l\u2019\u00e9cole secondaire autochtone qui se trouve sur la r\u00e9serve de Kanesatake (Oka). Il y a aussi des \u00e9l\u00e8ves hors territoires dont le transport est assum\u00e9 par les parents. Notre communaut\u00e9 comprend de nombreux clubs et organisations, incluant le Club Lions, le Centre de ressources familiales&nbsp;4Korners, le CEDEC, les cadets de la marine et de l\u2019air, l\u2019association Panda BLSO, les services locaux de s\u00e9curit\u00e9 incendie et de police, ainsi que les entreprises commanditaires et les commanditaires priv\u00e9s<\/p>\n","protected":false},"excerpt":{"rendered":"<p>Historique L\u2019\u00e9cole secondaire Lake of Two Mountains de la Commission scolaire Sir-Wilfrid-Laurier est situ\u00e9e au 2105, rue Guy dans la ville de Deux-Montagnes, environ 30&nbsp;km au nord-ouest de Montr\u00e9al. L\u2019\u00e9tablissement actuel, construit en 1983 est venu remplacer l\u2019ancien b\u00e2timent du m\u00eame nom qui \u00e9tait situ\u00e9 au 203, 14e&nbsp;Avenue. On ne peut qu\u2019\u00eatre impressionn\u00e9s par le&hellip;<\/p>\n","protected":false},"author":1,"featured_media":0,"parent":0,"menu_order":0,"comment_status":"closed","ping_status":"closed","template":"","meta":{"_acf_changed":false,"_relevanssi_hide_post":"","_relevanssi_hide_content":"","_relevanssi_pin_for_all":"","_relevanssi_pin_keywords":"","_relevanssi_unpin_keywords":"","_relevanssi_related_keywords":"","_relevanssi_related_include_ids":"","_relevanssi_related_exclude_ids":"","_relevanssi_related_no_append":"","_relevanssi_related_not_related":"","_relevanssi_related_posts":"106,573,302,304,303,372","_relevanssi_noindex_reason":"","footnotes":""},"acf":[],"_links":{"self":[{"href":"https:\/\/ltmhs.swlauriersb.qc.ca\/fr\/wp-json\/wp\/v2\/pages\/670"}],"collection":[{"href":"https:\/\/ltmhs.swlauriersb.qc.ca\/fr\/wp-json\/wp\/v2\/pages"}],"about":[{"href":"https:\/\/ltmhs.swlauriersb.qc.ca\/fr\/wp-json\/wp\/v2\/types\/page"}],"author":[{"embeddable":true,"href":"https:\/\/ltmhs.swlauriersb.qc.ca\/fr\/wp-json\/wp\/v2\/users\/1"}],"replies":[{"embeddable":true,"href":"https:\/\/ltmhs.swlauriersb.qc.ca\/fr\/wp-json\/wp\/v2\/comments?post=670"}],"version-history":[{"count":2,"href":"https:\/\/ltmhs.swlauriersb.qc.ca\/fr\/wp-json\/wp\/v2\/pages\/670\/revisions"}],"predecessor-version":[{"id":785,"href":"https:\/\/ltmhs.swlauriersb.qc.ca\/fr\/wp-json\/wp\/v2\/pages\/670\/revisions\/785"}],"wp:attachment":[{"href":"https:\/\/ltmhs.swlauriersb.qc.ca\/fr\/wp-json\/wp\/v2\/media?parent=670"}],"curies":[{"name":"wp","href":"https:\/\/api.w.org\/{rel}","templated":true}]}}