{"id":679,"date":"2023-11-02T09:50:46","date_gmt":"2023-11-02T13:50:46","guid":{"rendered":"https:\/\/ltmhs.swlauriersb.qc.ca\/student-ressources\/school-conselling\/"},"modified":"2024-10-21T21:45:41","modified_gmt":"2024-10-22T01:45:41","slug":"orientation-scolaire","status":"publish","type":"page","link":"https:\/\/ltmhs.swlauriersb.qc.ca\/fr\/ressources-eleves\/orientation-scolaire\/","title":{"rendered":"Orientation scolaire"},"content":{"rendered":"\n<h2 class=\"wp-block-heading\">Service de conseil en orientation<\/h2>\n\n\n\n<p>Le Service de conseil en orientation est d\u00e9termin\u00e9 \u00e0 soutenir la croissance des \u00e9l\u00e8ves dans les domaines du d\u00e9veloppement personnel, social, scolaire et professionnel en mettant l\u2019accent sur la panification de carri\u00e8re et les projets de vie, de m\u00eame que du counseling fond\u00e9 sur les forces et centr\u00e9 sur l\u2019\u00e9l\u00e8ve.<\/p>\n\n\n\n<p>Jessica Serio<\/p>\n\n\n\n<p>450&nbsp;621-7830, poste&nbsp;8317<\/p>\n\n\n\n<p>Quels services offrons-nous?<\/p>\n\n\n\n<p>Pour les \u00e9l\u00e8ves<\/p>\n\n\n\n<p>Service de counseling individuel (deuil, stress, anxi\u00e9t\u00e9 ou tristesse), orientation professionnelle, conseil pour les choix de cours, ressources pour la planification postsecondaire, ressources pour la sant\u00e9 mentale, soutien relatif aux comp\u00e9tences scolaires, m\u00e9diation, ressources li\u00e9es \u00e0 l\u2019emploi, orientation vers des organismes de sant\u00e9 mentale ou des organismes familiaux<\/p>\n\n\n\n<p>Pour les familles<\/p>\n\n\n\n<p>Ressources pour les probl\u00e8mes li\u00e9s \u00e0 la sant\u00e9 mentale, information sur la planification postsecondaire et les choix de carri\u00e8re futurs, orientation vers des services familiaux<\/p>\n\n\n\n<p>Pour le personnel<\/p>\n\n\n\n<p>Consultations, ressources et information dans les domaines des programmes en sant\u00e9 mentale, de la m\u00e9diation, etc.<\/p>\n\n\n\n<p>Comment savoir si j\u2019ai besoin de rencontrer ma conseill\u00e8re ou mon conseiller en orientation?<\/p>\n\n\n\n<p>Il est possible d\u2019obtenir des services de conseil en orientation pour tout ce qui te pr\u00e9occupe, ou si tu as besoin d\u2019information ou d\u2019aide et que tu ne sais pas \u00e0 qui t\u2019adresser.<\/p>\n\n\n\n<p>Exemples de motifs de consultation&nbsp;:<\/p>\n\n\n\n<ul>\n<li>Probl\u00e8mes personnels<\/li>\n\n\n\n<li>Difficult\u00e9s en classe (mais il est pr\u00e9f\u00e9rable de consulter le personnel enseignant d\u2019abord)<\/li>\n\n\n\n<li>Questions sur les m\u00e9tiers et les professions<\/li>\n\n\n\n<li>Quels cours choisir \u00e0 l\u2019\u00e9cole<\/li>\n\n\n\n<li>Quelle \u00e9ducation ou quelle formation dois-je rechercher?<\/li>\n\n\n\n<li>Comp\u00e9tences de recherche d\u2019emploi telles que le curriculum vit\u00e6 et les entretiens d\u2019embauche<\/li>\n\n\n\n<li>Recherche d\u2019occasions de b\u00e9n\u00e9volat<\/li>\n\n\n\n<li>Que dois-je faire pour prendre rendez-vous?<\/li>\n\n\n\n<li>Les parents peuvent appeler Jessica Serio au bureau du Service de conseil en orientation au 450\u00a0621-7830, poste\u00a08317.<\/li>\n<\/ul>\n\n\n\n<p>Les \u00e9l\u00e8ves peuvent lui rendre visite entre les cours ou pendant les pauses.<\/p>\n\n\n\n<p>Les \u00e9l\u00e8ves obtiendront un billet de rendez-vous justifiant leur absence en classe.<\/p>\n\n\n\n<p>Les \u00e9l\u00e8ves doivent remettre leur billet \u00e0 leur enseignante ou enseignant. Le billet aura \u00e9t\u00e9 sign\u00e9 par M.&nbsp;Lalancette afin que leur pr\u00e9sence soit consign\u00e9e de mani\u00e8re ad\u00e9quate.<\/p>\n","protected":false},"excerpt":{"rendered":"<p>Service de conseil en orientation Le Service de conseil en orientation est d\u00e9termin\u00e9 \u00e0 soutenir la croissance des \u00e9l\u00e8ves dans les domaines du d\u00e9veloppement personnel, social, scolaire et professionnel en mettant l\u2019accent sur la panification de carri\u00e8re et les projets de vie, de m\u00eame que du counseling fond\u00e9 sur les forces et centr\u00e9 sur l\u2019\u00e9l\u00e8ve.&hellip;<\/p>\n","protected":false},"author":1,"featured_media":0,"parent":678,"menu_order":0,"comment_status":"closed","ping_status":"closed","template":"","meta":{"_acf_changed":false,"_relevanssi_hide_post":"","_relevanssi_hide_content":"","_relevanssi_pin_for_all":"","_relevanssi_pin_keywords":"","_relevanssi_unpin_keywords":"","_relevanssi_related_keywords":"","_relevanssi_related_include_ids":"","_relevanssi_related_exclude_ids":"","_relevanssi_related_no_append":"","_relevanssi_related_not_related":"","_relevanssi_related_posts":"372,108,106,303,1,302","_relevanssi_noindex_reason":"","footnotes":""},"acf":[],"_links":{"self":[{"href":"https:\/\/ltmhs.swlauriersb.qc.ca\/fr\/wp-json\/wp\/v2\/pages\/679"}],"collection":[{"href":"https:\/\/ltmhs.swlauriersb.qc.ca\/fr\/wp-json\/wp\/v2\/pages"}],"about":[{"href":"https:\/\/ltmhs.swlauriersb.qc.ca\/fr\/wp-json\/wp\/v2\/types\/page"}],"author":[{"embeddable":true,"href":"https:\/\/ltmhs.swlauriersb.qc.ca\/fr\/wp-json\/wp\/v2\/users\/1"}],"replies":[{"embeddable":true,"href":"https:\/\/ltmhs.swlauriersb.qc.ca\/fr\/wp-json\/wp\/v2\/comments?post=679"}],"version-history":[{"count":4,"href":"https:\/\/ltmhs.swlauriersb.qc.ca\/fr\/wp-json\/wp\/v2\/pages\/679\/revisions"}],"predecessor-version":[{"id":1466,"href":"https:\/\/ltmhs.swlauriersb.qc.ca\/fr\/wp-json\/wp\/v2\/pages\/679\/revisions\/1466"}],"up":[{"embeddable":true,"href":"https:\/\/ltmhs.swlauriersb.qc.ca\/fr\/wp-json\/wp\/v2\/pages\/678"}],"wp:attachment":[{"href":"https:\/\/ltmhs.swlauriersb.qc.ca\/fr\/wp-json\/wp\/v2\/media?parent=679"}],"curies":[{"name":"wp","href":"https:\/\/api.w.org\/{rel}","templated":true}]}}